{"id":4695,"date":"2023-12-13T09:52:29","date_gmt":"2023-12-13T09:52:29","guid":{"rendered":"https:\/\/palomadelao.endesarrollo.pro\/?post_type=product&#038;p=4695"},"modified":"2023-12-13T09:52:29","modified_gmt":"2023-12-13T09:52:29","slug":"pelele-vichy-grey-blue","status":"publish","type":"product","link":"https:\/\/palomadelao.com\/babynature\/producto\/pelele-vichy-grey-blue\/","title":{"rendered":"Pelele Vichy"},"content":{"rendered":"<p>Pelele cuello redondo con volante. Manga larga acabada en fruncido el\u00e1stico. Forro interior, abrochado en espalda y en bajo con bot\u00f3n de madera.Tejido cuadro vichy<\/p>\n<p>60% Algod\u00f3n org\u00e1nico<br \/>\n40% Poliester<\/p>\n","protected":false},"excerpt":{"rendered":"<p>Pelele cuello redondo con volante. Manga larga acabada en fruncido el\u00e1stico. Forro interior, abrochado en espalda y en bajo con bot\u00f3n de madera.Tejido cuadro vichy 60% Algod\u00f3n org\u00e1nico 40% Poliester<\/p>\n","protected":false},"featured_media":0,"template":"","meta":{"_acf_changed":false,"_joinchat":[]},"product_cat":[54],"product_tag":[93],"class_list":{"0":"post-4695","1":"product","2":"type-product","3":"status-publish","5":"product_cat-baby3","6":"product_tag-grey-blue","8":"first","9":"instock","10":"taxable","11":"shipping-taxable","12":"purchasable","13":"product-type-variable","14":"has-default-attributes"},"acf":[],"yoast_head":"<!-- This site is optimized with the Yoast SEO plugin v22.8 - https:\/\/yoast.com\/wordpress\/plugins\/seo\/ -->\n<title>Pelele Vichy - Paloma de la O<\/title>\n<meta name=\"robots\" content=\"index, follow, max-snippet:-1, max-image-preview:large, max-video-preview:-1\" \/>\n<link rel=\"canonical\" href=\"https:\/\/palomadelao.com\/babynature\/producto\/pelele-vichy-grey-blue\/\" \/>\n<meta property=\"og:locale\" content=\"es_ES\" \/>\n<meta property=\"og:type\" content=\"article\" \/>\n<meta property=\"og:title\" content=\"Pelele Vichy - Paloma de la O\" \/>\n<meta property=\"og:description\" content=\"Pelele cuello redondo con volante. Manga larga acabada en fruncido el\u00e1stico. Forro interior, abrochado en espalda y en bajo con bot\u00f3n de madera.Tejido cuadro vichy 60% Algod\u00f3n org\u00e1nico 40% Poliester\" \/>\n<meta property=\"og:url\" content=\"https:\/\/palomadelao.com\/babynature\/producto\/pelele-vichy-grey-blue\/\" \/>\n<meta property=\"og:site_name\" content=\"Paloma de la O\" \/>\n<meta name=\"twitter:card\" content=\"summary_large_image\" \/>\n<script type=\"application\/ld+json\" class=\"yoast-schema-graph\">{\"@context\":\"https:\/\/schema.org\",\"@graph\":[{\"@type\":\"WebPage\",\"@id\":\"https:\/\/palomadelao.com\/babynature\/producto\/pelele-vichy-grey-blue\/\",\"url\":\"https:\/\/palomadelao.com\/babynature\/producto\/pelele-vichy-grey-blue\/\",\"name\":\"Pelele Vichy - Paloma de la O\",\"isPartOf\":{\"@id\":\"https:\/\/palomadelao.com\/babynature\/#website\"},\"datePublished\":\"2023-12-13T09:52:29+00:00\",\"dateModified\":\"2023-12-13T09:52:29+00:00\",\"breadcrumb\":{\"@id\":\"https:\/\/palomadelao.com\/babynature\/producto\/pelele-vichy-grey-blue\/#breadcrumb\"},\"inLanguage\":\"es\",\"potentialAction\":[{\"@type\":\"ReadAction\",\"target\":[\"https:\/\/palomadelao.com\/babynature\/producto\/pelele-vichy-grey-blue\/\"]}]},{\"@type\":\"BreadcrumbList\",\"@id\":\"https:\/\/palomadelao.com\/babynature\/producto\/pelele-vichy-grey-blue\/#breadcrumb\",\"itemListElement\":[{\"@type\":\"ListItem\",\"position\":1,\"name\":\"Portada\",\"item\":\"https:\/\/palomadelao.com\/babynature\/\"},{\"@type\":\"ListItem\",\"position\":2,\"name\":\"Productos\",\"item\":\"https:\/\/palomadelao.com\/babynature\/shop\/\"},{\"@type\":\"ListItem\",\"position\":3,\"name\":\"Pelele Vichy\"}]},{\"@type\":\"WebSite\",\"@id\":\"https:\/\/palomadelao.com\/babynature\/#website\",\"url\":\"https:\/\/palomadelao.com\/babynature\/\",\"name\":\"Paloma de la O\",\"description\":\"\",\"potentialAction\":[{\"@type\":\"SearchAction\",\"target\":{\"@type\":\"EntryPoint\",\"urlTemplate\":\"https:\/\/palomadelao.com\/babynature\/?s={search_term_string}\"},\"query-input\":\"required name=search_term_string\"}],\"inLanguage\":\"es\"}]}<\/script>\n<!-- \/ Yoast SEO plugin. -->","yoast_head_json":{"title":"Pelele Vichy - Paloma de la O","robots":{"index":"index","follow":"follow","max-snippet":"max-snippet:-1","max-image-preview":"max-image-preview:large","max-video-preview":"max-video-preview:-1"},"canonical":"https:\/\/palomadelao.com\/babynature\/producto\/pelele-vichy-grey-blue\/","og_locale":"es_ES","og_type":"article","og_title":"Pelele Vichy - Paloma de la O","og_description":"Pelele cuello redondo con volante. Manga larga acabada en fruncido el\u00e1stico. Forro interior, abrochado en espalda y en bajo con bot\u00f3n de madera.Tejido cuadro vichy 60% Algod\u00f3n org\u00e1nico 40% Poliester","og_url":"https:\/\/palomadelao.com\/babynature\/producto\/pelele-vichy-grey-blue\/","og_site_name":"Paloma de la O","twitter_card":"summary_large_image","schema":{"@context":"https:\/\/schema.org","@graph":[{"@type":"WebPage","@id":"https:\/\/palomadelao.com\/babynature\/producto\/pelele-vichy-grey-blue\/","url":"https:\/\/palomadelao.com\/babynature\/producto\/pelele-vichy-grey-blue\/","name":"Pelele Vichy - Paloma de la O","isPartOf":{"@id":"https:\/\/palomadelao.com\/babynature\/#website"},"datePublished":"2023-12-13T09:52:29+00:00","dateModified":"2023-12-13T09:52:29+00:00","breadcrumb":{"@id":"https:\/\/palomadelao.com\/babynature\/producto\/pelele-vichy-grey-blue\/#breadcrumb"},"inLanguage":"es","potentialAction":[{"@type":"ReadAction","target":["https:\/\/palomadelao.com\/babynature\/producto\/pelele-vichy-grey-blue\/"]}]},{"@type":"BreadcrumbList","@id":"https:\/\/palomadelao.com\/babynature\/producto\/pelele-vichy-grey-blue\/#breadcrumb","itemListElement":[{"@type":"ListItem","position":1,"name":"Portada","item":"https:\/\/palomadelao.com\/babynature\/"},{"@type":"ListItem","position":2,"name":"Productos","item":"https:\/\/palomadelao.com\/babynature\/shop\/"},{"@type":"ListItem","position":3,"name":"Pelele Vichy"}]},{"@type":"WebSite","@id":"https:\/\/palomadelao.com\/babynature\/#website","url":"https:\/\/palomadelao.com\/babynature\/","name":"Paloma de la O","description":"","potentialAction":[{"@type":"SearchAction","target":{"@type":"EntryPoint","urlTemplate":"https:\/\/palomadelao.com\/babynature\/?s={search_term_string}"},"query-input":"required name=search_term_string"}],"inLanguage":"es"}]}},"_links":{"self":[{"href":"https:\/\/palomadelao.com\/babynature\/wp-json\/wp\/v2\/product\/4695","targetHints":{"allow":["GET"]}}],"collection":[{"href":"https:\/\/palomadelao.com\/babynature\/wp-json\/wp\/v2\/product"}],"about":[{"href":"https:\/\/palomadelao.com\/babynature\/wp-json\/wp\/v2\/types\/product"}],"wp:attachment":[{"href":"https:\/\/palomadelao.com\/babynature\/wp-json\/wp\/v2\/media?parent=4695"}],"wp:term":[{"taxonomy":"product_cat","embeddable":true,"href":"https:\/\/palomadelao.com\/babynature\/wp-json\/wp\/v2\/product_cat?post=4695"},{"taxonomy":"product_tag","embeddable":true,"href":"https:\/\/palomadelao.com\/babynature\/wp-json\/wp\/v2\/product_tag?post=4695"}],"curies":[{"name":"wp","href":"https:\/\/api.w.org\/{rel}","templated":true}]}}